{"id":8,"date":"2015-02-07T08:45:44","date_gmt":"2015-02-07T08:45:44","guid":{"rendered":"https:\/\/serveur.ufai.org\/wordpress\/?page_id=8"},"modified":"2015-02-14T08:11:32","modified_gmt":"2015-02-14T07:11:32","slug":"le-controle-interne","status":"publish","type":"page","link":"https:\/\/www.ufai.org\/?page_id=8","title":{"rendered":"Le contr\u00f4le interne"},"content":{"rendered":"<p>Le <strong>contr\u00f4le interne<\/strong> est un dispositif de la soci\u00e9t\u00e9, d\u00e9fini et mis en \u0153uvre sous sa responsabilit\u00e9.<br \/>\nIl comprend un ensemble de moyens, de comportements, de proc\u00e9dures et d\u2019actions adapt\u00e9s aux caract\u00e9ristiques propres de chaque soci\u00e9t\u00e9 qui :<\/p>\n<ul>\n<li>contribue \u00e0 la ma\u00eetrise de ses activit\u00e9s, \u00e0 l\u2019efficacit\u00e9 de ses op\u00e9rations et \u00e0 l\u2019utilisation efficiente de ses ressources, et<\/li>\n<li>doit lui permettre de prendre en compte de mani\u00e8re appropri\u00e9e les risques significatifs, qu\u2019ils soient op\u00e9rationnels, financiers ou de conformit\u00e9.<\/li>\n<\/ul>\n<p>Le dispositif vise plus particuli\u00e8rement \u00e0 assurer :<\/p>\n<ul>\n<li>la conformit\u00e9 aux lois et r\u00e8glements ;<\/li>\n<li>l\u2019application des instructions et des orientations fix\u00e9es par la direction g\u00e9n\u00e9rale ou le directoire ;<\/li>\n<li>le bon fonctionnement des processus internes de la soci\u00e9t\u00e9, notamment ceux concourant \u00e0 la sauvegarde de ses actifs ;<\/li>\n<li>la fiabilit\u00e9 des informations financi\u00e8res.<\/li>\n<\/ul>\n<p>Le contr\u00f4le interne ne se limite donc pas \u00e0 un ensemble de proc\u00e9dures ni aux seuls processus comptables et financiers.<\/p>\n<p>La d\u00e9finition du contr\u00f4le interne ne recouvre pas toutes les initiatives prises par les organes dirigeants ou le management comme par exemple la d\u00e9finition de la strat\u00e9gie de la soci\u00e9t\u00e9, la d\u00e9termination des objectifs, les d\u00e9cisions de gestion, le traitement des risques ou le suivi des performances.<\/p>\n","protected":false},"excerpt":{"rendered":"<p>Le contr\u00f4le interne est un dispositif de la soci\u00e9t\u00e9, d\u00e9fini et mis en \u0153uvre sous sa responsabilit\u00e9. Il comprend un ensemble de moyens, de comportements, de proc\u00e9dures et d\u2019actions adapt\u00e9s aux caract\u00e9ristiques propres de chaque soci\u00e9t\u00e9 qui : contribue \u00e0 la ma\u00eetrise de ses activit\u00e9s, \u00e0 l\u2019efficacit\u00e9 de ses op\u00e9rations et \u00e0 l\u2019utilisation efficiente de [&hellip;]<\/p>\n","protected":false},"author":1,"featured_media":0,"parent":0,"menu_order":0,"comment_status":"closed","ping_status":"open","template":"","meta":{"footnotes":""},"class_list":["post-8","page","type-page","status-publish","hentry","post"],"_links":{"self":[{"href":"https:\/\/www.ufai.org\/index.php?rest_route=\/wp\/v2\/pages\/8","targetHints":{"allow":["GET"]}}],"collection":[{"href":"https:\/\/www.ufai.org\/index.php?rest_route=\/wp\/v2\/pages"}],"about":[{"href":"https:\/\/www.ufai.org\/index.php?rest_route=\/wp\/v2\/types\/page"}],"author":[{"embeddable":true,"href":"https:\/\/www.ufai.org\/index.php?rest_route=\/wp\/v2\/users\/1"}],"replies":[{"embeddable":true,"href":"https:\/\/www.ufai.org\/index.php?rest_route=%2Fwp%2Fv2%2Fcomments&post=8"}],"version-history":[{"count":3,"href":"https:\/\/www.ufai.org\/index.php?rest_route=\/wp\/v2\/pages\/8\/revisions"}],"predecessor-version":[{"id":72,"href":"https:\/\/www.ufai.org\/index.php?rest_route=\/wp\/v2\/pages\/8\/revisions\/72"}],"wp:attachment":[{"href":"https:\/\/www.ufai.org\/index.php?rest_route=%2Fwp%2Fv2%2Fmedia&parent=8"}],"curies":[{"name":"wp","href":"https:\/\/api.w.org\/{rel}","templated":true}]}}