{"id":66,"date":"2015-02-07T09:48:11","date_gmt":"2015-02-07T09:48:11","guid":{"rendered":"https:\/\/serveur.ufai.org\/wordpress\/?page_id=66"},"modified":"2015-02-07T10:41:03","modified_gmt":"2015-02-07T10:41:03","slug":"leciia-un-reseau-europeen","status":"publish","type":"page","link":"https:\/\/www.ufai.org\/?page_id=66","title":{"rendered":"L&rsquo;ECIIA, un r\u00e9seau europ\u00e9en"},"content":{"rendered":"<p><a href=\"http:\/\/www.eciia.eu\"><img loading=\"lazy\" decoding=\"async\" class=\"alignleft wp-image-67\" src=\"https:\/\/serveur.ufai.org\/wordpress\/wp-content\/uploads\/2015\/02\/logo_eciia.jpg\" alt=\"logo_eciia\" width=\"100\" height=\"92\" \/><\/a><\/p>\n<p>La Conf\u00e9d\u00e9ration Europ\u00e9enne des Instituts d&rsquo;Audit Interne &#8211; ECIIA &#8211; (European Confederation of Institutes of Internal Auditing), fond\u00e9e en 1982, regroupe aujourd&rsquo;hui 29 instituts repr\u00e9sentants 30 pays (IIA UK regroupant le Royaume-Uni et l&rsquo;Irlande) dont les pays de l&rsquo;Union europ\u00e9enne qui en constituent le socle.<\/p>\n<p>La r\u00e9flexion se poursuit pour centrer l&rsquo;activit\u00e9 de l&rsquo;ECIIA sur les probl\u00e8mes relatifs \u00e0 l&rsquo;Union Europ\u00e9enne et faire en sorte que cette conf\u00e9d\u00e9ration apporte davantage de valeur ajout\u00e9e \u00e0 ses membres.<\/p>\n<p>Liste des pays membres :<br \/>\n&#8211; Allemagne<br \/>\n&#8211; Autriche<br \/>\n&#8211; Azerbaijan<br \/>\n&#8211; Belgique<br \/>\n&#8211; Bulgarie<br \/>\n&#8211; Chypre<br \/>\n&#8211; Croatie<br \/>\n&#8211; Danemark<br \/>\n&#8211; Espagne<br \/>\n&#8211; Estonie<br \/>\n&#8211; Finlande<br \/>\n&#8211; France<br \/>\n&#8211; Gr\u00e8ce<br \/>\n&#8211; Hongrie<br \/>\n&#8211; Irlande<br \/>\n&#8211; Islande<br \/>\n&#8211; Isra\u00ebl<br \/>\n&#8211; Italie<br \/>\n&#8211; Lituanie<br \/>\n&#8211; Luxembourg<br \/>\n&#8211; Maroc<br \/>\n&#8211; Norv\u00e8ge<br \/>\n&#8211; Pays-Bas<br \/>\n&#8211; Pologne<br \/>\n&#8211; Portugal<br \/>\n&#8211; R\u00e9publique Tch\u00e8que<br \/>\n&#8211; Roumanie<br \/>\n&#8211; Royaume-Uni<br \/>\n&#8211; Slovaquie<br \/>\n&#8211; Su\u00e8de<br \/>\n&#8211; Suisse<br \/>\n&#8211; Tunisie<br \/>\n&#8211; Turquie<\/p>\n<p><a href=\"http:\/\/www.eciia.eu\">www.eciia.eu<\/a><\/p>\n","protected":false},"excerpt":{"rendered":"<p>La Conf\u00e9d\u00e9ration Europ\u00e9enne des Instituts d&rsquo;Audit Interne &#8211; ECIIA &#8211; (European Confederation of Institutes of Internal Auditing), fond\u00e9e en 1982, regroupe aujourd&rsquo;hui 29 instituts repr\u00e9sentants 30 pays (IIA UK regroupant le Royaume-Uni et l&rsquo;Irlande) dont les pays de l&rsquo;Union europ\u00e9enne qui en constituent le socle. La r\u00e9flexion se poursuit pour centrer l&rsquo;activit\u00e9 de l&rsquo;ECIIA sur [&hellip;]<\/p>\n","protected":false},"author":1,"featured_media":0,"parent":0,"menu_order":0,"comment_status":"closed","ping_status":"open","template":"","meta":{"footnotes":""},"class_list":["post-66","page","type-page","status-publish","hentry","post"],"_links":{"self":[{"href":"https:\/\/www.ufai.org\/index.php?rest_route=\/wp\/v2\/pages\/66","targetHints":{"allow":["GET"]}}],"collection":[{"href":"https:\/\/www.ufai.org\/index.php?rest_route=\/wp\/v2\/pages"}],"about":[{"href":"https:\/\/www.ufai.org\/index.php?rest_route=\/wp\/v2\/types\/page"}],"author":[{"embeddable":true,"href":"https:\/\/www.ufai.org\/index.php?rest_route=\/wp\/v2\/users\/1"}],"replies":[{"embeddable":true,"href":"https:\/\/www.ufai.org\/index.php?rest_route=%2Fwp%2Fv2%2Fcomments&post=66"}],"version-history":[{"count":1,"href":"https:\/\/www.ufai.org\/index.php?rest_route=\/wp\/v2\/pages\/66\/revisions"}],"predecessor-version":[{"id":69,"href":"https:\/\/www.ufai.org\/index.php?rest_route=\/wp\/v2\/pages\/66\/revisions\/69"}],"wp:attachment":[{"href":"https:\/\/www.ufai.org\/index.php?rest_route=%2Fwp%2Fv2%2Fmedia&parent=66"}],"curies":[{"name":"wp","href":"https:\/\/api.w.org\/{rel}","templated":true}]}}