{"id":52,"date":"2015-02-07T09:18:55","date_gmt":"2015-02-07T09:18:55","guid":{"rendered":"https:\/\/serveur.ufai.org\/wordpress\/?page_id=52"},"modified":"2015-02-07T10:40:57","modified_gmt":"2015-02-07T10:40:57","slug":"lassemblee-generale","status":"publish","type":"page","link":"https:\/\/www.ufai.org\/?page_id=52","title":{"rendered":"L&rsquo;Assembl\u00e9e G\u00e9n\u00e9rale"},"content":{"rendered":"<p>L&rsquo;assembl\u00e9e g\u00e9n\u00e9rale est l&rsquo;organe souverain de la l&rsquo;UFAI. Elle d\u00e9finit la politique de l&rsquo;Union, nomme les membres du bureau directeur et exerce un pouvoir illimit\u00e9 sur toutes les questions pour lesquelles elle n&rsquo;a pas d\u00e9l\u00e9gu\u00e9 ses pouvoirs au bureau directeur.<\/p>\n<p>Elle est compos\u00e9e des membres titulaires et associ\u00e9s de l&rsquo;Union.<\/p>\n<p>Peuvent \u00eatre invit\u00e9s en tant qu&rsquo;observateurs des personnes physiques repr\u00e9sentant les pays non encore pourvus d&rsquo;associations d&rsquo;audit interne.<\/p>\n","protected":false},"excerpt":{"rendered":"<p>L&rsquo;assembl\u00e9e g\u00e9n\u00e9rale est l&rsquo;organe souverain de la l&rsquo;UFAI. Elle d\u00e9finit la politique de l&rsquo;Union, nomme les membres du bureau directeur et exerce un pouvoir illimit\u00e9 sur toutes les questions pour lesquelles elle n&rsquo;a pas d\u00e9l\u00e9gu\u00e9 ses pouvoirs au bureau directeur. Elle est compos\u00e9e des membres titulaires et associ\u00e9s de l&rsquo;Union. Peuvent \u00eatre invit\u00e9s en tant [&hellip;]<\/p>\n","protected":false},"author":1,"featured_media":0,"parent":0,"menu_order":0,"comment_status":"closed","ping_status":"open","template":"","meta":{"footnotes":""},"class_list":["post-52","page","type-page","status-publish","hentry","post"],"_links":{"self":[{"href":"https:\/\/www.ufai.org\/index.php?rest_route=\/wp\/v2\/pages\/52","targetHints":{"allow":["GET"]}}],"collection":[{"href":"https:\/\/www.ufai.org\/index.php?rest_route=\/wp\/v2\/pages"}],"about":[{"href":"https:\/\/www.ufai.org\/index.php?rest_route=\/wp\/v2\/types\/page"}],"author":[{"embeddable":true,"href":"https:\/\/www.ufai.org\/index.php?rest_route=\/wp\/v2\/users\/1"}],"replies":[{"embeddable":true,"href":"https:\/\/www.ufai.org\/index.php?rest_route=%2Fwp%2Fv2%2Fcomments&post=52"}],"version-history":[{"count":1,"href":"https:\/\/www.ufai.org\/index.php?rest_route=\/wp\/v2\/pages\/52\/revisions"}],"predecessor-version":[{"id":54,"href":"https:\/\/www.ufai.org\/index.php?rest_route=\/wp\/v2\/pages\/52\/revisions\/54"}],"wp:attachment":[{"href":"https:\/\/www.ufai.org\/index.php?rest_route=%2Fwp%2Fv2%2Fmedia&parent=52"}],"curies":[{"name":"wp","href":"https:\/\/api.w.org\/{rel}","templated":true}]}}