{"id":49,"date":"2015-02-07T09:18:12","date_gmt":"2015-02-07T09:18:12","guid":{"rendered":"https:\/\/serveur.ufai.org\/wordpress\/?page_id=49"},"modified":"2019-02-16T11:01:34","modified_gmt":"2019-02-16T10:01:34","slug":"les-instituts-membres","status":"publish","type":"page","link":"https:\/\/www.ufai.org\/?page_id=49","title":{"rendered":"Les associations membres"},"content":{"rendered":"<p>L&rsquo;UFAI rassemble les associations\u00a0suivantes.<\/p>\n<table style=\"height: 200px; border-color: #b0b0b0;\" border=\"4\" width=\"626\" cellspacing=\"1\" cellpadding=\"1\">\n<thead>\n<tr style=\"border-color: #b0b0b0; background-color: #7d7d7d; height: 24px;\">\n<td style=\"border-color: #b0b0b0; text-align: center; height: 24px;\" scope=\"rowgroup\"><strong>institut<\/strong><\/td>\n<td style=\"border-color: #b0b0b0; text-align: center; height: 24px;\" scope=\"rowgroup\"><strong>pays<\/strong><\/td>\n<td style=\"border-color: #b0b0b0; text-align: center; height: 24px;\" scope=\"rowgroup\"><strong>contact<\/strong><\/td>\n<\/tr>\n<\/thead>\n<tbody>\n<tr style=\"height: 24px;\">\n<td style=\"border-color: #b0b0b0; height: 24px;\" scope=\"rowgroup\"><a href=\"http:\/\/www.iiabel.be\/\">IIA Belgium<\/a><\/td>\n<td style=\"border-color: #b0b0b0; height: 24px;\" scope=\"rowgroup\">Belgique<\/td>\n<td style=\"border-color: #b0b0b0; height: 24px;\" scope=\"rowgroup\"><a href=\"mailto:Benoit.LALOUX@tec-wl.be\">Beno\u00eet Laloux<\/a><\/td>\n<\/tr>\n<tr style=\"height: 24px;\">\n<td style=\"border-color: #b0b0b0; height: 24px;\" scope=\"rowgroup\">ABACI<\/td>\n<td style=\"border-color: #b0b0b0; height: 24px;\" scope=\"rowgroup\">Burkina Faso<\/td>\n<td style=\"border-color: #b0b0b0; height: 24px;\" scope=\"rowgroup\"><a href=\"mailto:justicekambou@yahoo.com\">Justice Kambou<\/a><\/td>\n<\/tr>\n<tr style=\"height: 24px;\">\n<td style=\"border-color: #b0b0b0; height: 24px;\" scope=\"rowgroup\">IIA Canada<\/td>\n<td style=\"border-color: #b0b0b0; height: 24px;\" scope=\"rowgroup\">Canada<\/td>\n<td style=\"border-color: #b0b0b0; height: 24px;\" scope=\"rowgroup\"><a href=\"mailto:mireille.harnois@gmail.com\">Mireille Harnois<\/a><\/td>\n<\/tr>\n<tr style=\"height: 24px;\">\n<td style=\"border-color: #b0b0b0; height: 24px;\" scope=\"rowgroup\">ICACI<\/td>\n<td style=\"border-color: #b0b0b0; height: 24px;\" scope=\"rowgroup\">Congo-Brazzaville<\/td>\n<td style=\"border-color: #b0b0b0; height: 24px;\" scope=\"rowgroup\"><a href=\"mailto:etienne_koty@yahoo.fr\">Etienne Koti<\/a><\/td>\n<\/tr>\n<tr style=\"height: 24px;\">\n<td style=\"border-color: #b0b0b0; height: 24px;\" scope=\"rowgroup\">IIA C\u00f4te d&rsquo;Ivoire<\/td>\n<td style=\"border-color: #b0b0b0; height: 24px;\" scope=\"rowgroup\">C\u00f4te d&rsquo;Ivoire<\/td>\n<td style=\"border-color: #b0b0b0; height: 24px;\" scope=\"rowgroup\"><a href=\"mailto:gouesse_goh@yahoo.fr\">Octave Goh Bi<\/a><\/td>\n<\/tr>\n<tr style=\"height: 24px;\">\n<td style=\"border-color: #b0b0b0; height: 24px;\" scope=\"rowgroup\"><a href=\"http:\/\/www.ifaci.com\/\">IFACI<\/a><\/td>\n<td style=\"border-color: #b0b0b0; height: 24px;\" scope=\"rowgroup\">France<\/td>\n<td style=\"border-color: #b0b0b0; height: 24px;\" scope=\"rowgroup\"><a href=\"mailto:pmocquard@ifaci.com\">Philippe Mocquard<\/a><\/td>\n<\/tr>\n<tr style=\"height: 24px;\">\n<td style=\"border-color: #b0b0b0; height: 24px;\" scope=\"rowgroup\">AGACI<\/td>\n<td style=\"border-color: #b0b0b0; height: 24px;\" scope=\"rowgroup\">Gabon<\/td>\n<td style=\"border-color: #b0b0b0; height: 24px;\" scope=\"rowgroup\"><a href=\"mailto:emondos.sgs@gmail.com\">Emrie Mondos<\/a><\/td>\n<\/tr>\n<tr style=\"height: 24px;\">\n<td style=\"border-color: #b0b0b0; height: 24px;\" scope=\"rowgroup\">AGA<\/td>\n<td style=\"border-color: #b0b0b0; height: 24px;\" scope=\"rowgroup\">Guin\u00e9e<\/td>\n<td style=\"border-color: #b0b0b0; height: 24px;\" scope=\"rowgroup\"><a href=\"mailto:amtconde@hotmail.com\">Alkaly Mohamed Cond\u00e9<\/a><\/td>\n<\/tr>\n<tr style=\"height: 24px;\">\n<td style=\"border-color: #b0b0b0; height: 24px;\" scope=\"rowgroup\">IIA Ha\u00efti<\/td>\n<td style=\"border-color: #b0b0b0; height: 24px;\" scope=\"rowgroup\">Ha\u00efti<\/td>\n<td style=\"border-color: #b0b0b0; height: 24px;\" scope=\"rowgroup\"><a href=\"mailto:romuald.jnbaptiste@ugp.ht\">Jean-Baptiste Romuald<\/a><\/td>\n<\/tr>\n<tr style=\"height: 24px;\">\n<td style=\"border-color: #b0b0b0; height: 24px;\" scope=\"rowgroup\">IIA Liban<\/td>\n<td style=\"border-color: #b0b0b0; height: 24px;\" scope=\"rowgroup\">Liban<\/td>\n<td style=\"border-color: #b0b0b0; height: 24px;\" scope=\"rowgroup\"><a href=\"mailto:FAbouAbdallah@byblosbank.com.lb\">Fadi Abou Abdallah<\/a><\/td>\n<\/tr>\n<tr style=\"height: 24px;\">\n<td style=\"border-color: #b0b0b0; height: 24px;\" scope=\"rowgroup\"><a href=\"http:\/\/www.iia.lu\/\">IIA Luxembourg<\/a><\/td>\n<td style=\"border-color: #b0b0b0; height: 24px;\" scope=\"rowgroup\">Luxembourg<\/td>\n<td style=\"border-color: #b0b0b0; height: 24px;\" scope=\"rowgroup\"><a href=\"mailto:L.Lucas@esm.europa.eu\">Leticia Lucas<\/a><\/td>\n<\/tr>\n<tr style=\"height: 24px;\">\n<td style=\"border-color: #b0b0b0; height: 24px;\" scope=\"rowgroup\">IIAM<\/td>\n<td style=\"border-color: #b0b0b0; height: 24px;\" scope=\"rowgroup\">Madagascar<\/td>\n<td style=\"border-color: #b0b0b0; height: 24px;\" scope=\"rowgroup\"><a href=\"mailto:DanielaSebastiano.Soloarisendra@ame.imptob.com\">Dani Soloarisendra<\/a><\/td>\n<\/tr>\n<tr style=\"height: 24px;\">\n<td style=\"border-color: #b0b0b0; height: 24px;\" scope=\"rowgroup\">ACIAM<\/td>\n<td style=\"border-color: #b0b0b0; height: 24px;\" scope=\"rowgroup\">Mali<\/td>\n<td style=\"border-color: #b0b0b0; height: 24px;\" scope=\"rowgroup\"><a href=\"mailto:kadikfr2002@yahoo.fr\">Katiadou Konate<\/a><\/td>\n<\/tr>\n<tr style=\"height: 24px;\">\n<td style=\"border-color: #b0b0b0; height: 24px;\" scope=\"rowgroup\"><a href=\"http:\/\/www.iiamaroc.org\/\">IIA Maroc<\/a><\/td>\n<td style=\"border-color: #b0b0b0; height: 24px;\" scope=\"rowgroup\">Maroc<\/td>\n<td style=\"border-color: #b0b0b0; height: 24px;\" scope=\"rowgroup\"><a href=\"mailto:zmounim@gmail.com\">Mounim Zaghloul<\/a><\/td>\n<\/tr>\n<tr style=\"height: 24px;\">\n<td style=\"border-color: #b0b0b0; height: 24px;\" scope=\"rowgroup\"><a href=\"http:\/\/www.svir.ch\">ASAI<\/a><\/td>\n<td style=\"border-color: #b0b0b0; height: 24px;\" scope=\"rowgroup\">Suisse<\/td>\n<td style=\"border-color: #b0b0b0; height: 24px;\" scope=\"rowgroup\"><a href=\"mailto:denis.neukomm@svir.ch\">Denis Neukomm<\/a><\/td>\n<\/tr>\n<tr style=\"height: 24px;\">\n<td style=\"border-color: #b0b0b0; height: 24px;\" scope=\"rowgroup\">IIA Togo<\/td>\n<td style=\"border-color: #b0b0b0; height: 24px;\" scope=\"rowgroup\">Togo<\/td>\n<td style=\"border-color: #b0b0b0; height: 24px;\" scope=\"rowgroup\"><a href=\"mailto:midodji@gmail.com\">Midodji \u00a0Kodjo Ayinou<\/a><\/td>\n<\/tr>\n<tr style=\"height: 24px;\">\n<td style=\"border-color: #b0b0b0; height: 24px;\" scope=\"rowgroup\"><a href=\"http:\/\/www.iiatunisia.org.tn\">IIA Tunisie<\/a><\/td>\n<td style=\"border-color: #b0b0b0; height: 24px;\" scope=\"rowgroup\">Tunisie<\/td>\n<td style=\"border-color: #b0b0b0; height: 24px;\" scope=\"rowgroup\"><a href=\"mailto:saida.reddebbabi@laposte.net\">Saida Debbabi<\/a><\/td>\n<\/tr>\n<\/tbody>\n<\/table>\n<p>&nbsp;<\/p>\n","protected":false},"excerpt":{"rendered":"<p>L&rsquo;UFAI rassemble les associations\u00a0suivantes. institut pays contact IIA Belgium Belgique Beno\u00eet Laloux ABACI Burkina Faso Justice Kambou IIA Canada Canada Mireille Harnois ICACI Congo-Brazzaville Etienne Koti IIA C\u00f4te d&rsquo;Ivoire C\u00f4te d&rsquo;Ivoire Octave Goh Bi IFACI France Philippe Mocquard AGACI Gabon Emrie Mondos AGA Guin\u00e9e Alkaly Mohamed Cond\u00e9 IIA Ha\u00efti Ha\u00efti Jean-Baptiste Romuald IIA Liban Liban [&hellip;]<\/p>\n","protected":false},"author":1,"featured_media":0,"parent":0,"menu_order":0,"comment_status":"closed","ping_status":"open","template":"","meta":{"footnotes":""},"class_list":["post-49","page","type-page","status-publish","hentry","post"],"_links":{"self":[{"href":"https:\/\/www.ufai.org\/index.php?rest_route=\/wp\/v2\/pages\/49","targetHints":{"allow":["GET"]}}],"collection":[{"href":"https:\/\/www.ufai.org\/index.php?rest_route=\/wp\/v2\/pages"}],"about":[{"href":"https:\/\/www.ufai.org\/index.php?rest_route=\/wp\/v2\/types\/page"}],"author":[{"embeddable":true,"href":"https:\/\/www.ufai.org\/index.php?rest_route=\/wp\/v2\/users\/1"}],"replies":[{"embeddable":true,"href":"https:\/\/www.ufai.org\/index.php?rest_route=%2Fwp%2Fv2%2Fcomments&post=49"}],"version-history":[{"count":23,"href":"https:\/\/www.ufai.org\/index.php?rest_route=\/wp\/v2\/pages\/49\/revisions"}],"predecessor-version":[{"id":532,"href":"https:\/\/www.ufai.org\/index.php?rest_route=\/wp\/v2\/pages\/49\/revisions\/532"}],"wp:attachment":[{"href":"https:\/\/www.ufai.org\/index.php?rest_route=%2Fwp%2Fv2%2Fmedia&parent=49"}],"curies":[{"name":"wp","href":"https:\/\/api.w.org\/{rel}","templated":true}]}}