{"id":42,"date":"2015-02-07T09:16:20","date_gmt":"2015-02-07T09:16:20","guid":{"rendered":"https:\/\/serveur.ufai.org\/wordpress\/?page_id=42"},"modified":"2015-02-07T10:41:42","modified_gmt":"2015-02-07T10:41:42","slug":"objectifs-de-lufai","status":"publish","type":"page","link":"https:\/\/www.ufai.org\/?page_id=42","title":{"rendered":"Objectifs de l&rsquo;UFAI"},"content":{"rendered":"<p><img loading=\"lazy\" decoding=\"async\" class=\" wp-image-43 alignleft\" src=\"https:\/\/serveur.ufai.org\/wordpress\/wp-content\/uploads\/2015\/02\/logo_ufai-268x300.jpg\" alt=\"logo_ufai\" width=\"100\" height=\"112\" srcset=\"https:\/\/www.ufai.org\/wp-content\/uploads\/2015\/02\/logo_ufai-268x300.jpg 268w, https:\/\/www.ufai.org\/wp-content\/uploads\/2015\/02\/logo_ufai.jpg 653w\" sizes=\"auto, (max-width: 100px) 100vw, 100px\" \/>L&rsquo;Union Francophone de l&rsquo;Audit Interne &#8211; UFAI -, association fond\u00e9e en 1988 \u00e0 l&rsquo;initiative de l&rsquo;IFACI (Institut Fran\u00e7ais de l&rsquo;Audit et du Contr\u00f4le Internes), a pour vocation de promouvoir et de d\u00e9velopper la pratique professionnelle de l&rsquo;audit interne dans les pays totalement ou partiellement d&rsquo;expression fran\u00e7aise, en regroupant les associations d&rsquo;auditeurs internes de ces pays.<\/p>\n<p>Son action s&rsquo;oriente autour de 4 objectifs majeurs :<\/p>\n<ul>\n<li><strong>D\u00e9velopper les \u00e9changes<\/strong>, les contacts, les rencontres afin de mettre en commun les expertises de chacun.<\/li>\n<li><strong>Accro\u00eetre le nombre de publications de langue fran\u00e7aise<\/strong>, en leur assurant une plus grande diffusion.<\/li>\n<li><strong>Apporter une aide \u00e0 la formation<\/strong> d&rsquo;auditeurs internes et assurer la promotion du DPAI (Dipl\u00f4me Professionnel de l&rsquo;Audit Interne) et du CIA en fran\u00e7ais.<\/li>\n<li><strong>Aider \u00e0 la constitution d&rsquo;associations<\/strong> d&rsquo;auditeurs internes<\/li>\n<\/ul>\n<p><strong>Pour r\u00e9aliser ces objectifs, l&rsquo;UFAI met en \u0153uvre tous les moyens qu&rsquo;elle juge utiles ou n\u00e9cessaires \u00e0 leur r\u00e9alisation et notamment<\/strong> :<\/p>\n<ul>\n<li>le <strong>partage<\/strong> des connaissances et de l&rsquo;exp\u00e9rience entre ses membres, notamment dans le domaine m\u00e9thodologique ;<\/li>\n<li>la <strong>mise en commun<\/strong> des travaux de recherche ;<\/li>\n<li>l&rsquo;<strong>organisation<\/strong> de s\u00e9minaires de formation, de colloques, de congr\u00e8s ou de conf\u00e9rences en langue fran\u00e7aise ;<\/li>\n<li>la <strong>r\u00e9alisation<\/strong> et la publication de revues, d&rsquo;ouvrages (originaux ou traduits d&rsquo;autres langues) et de tous supports adapt\u00e9s \u00e0 la diffusion, en langue fran\u00e7aise, d&rsquo;informations en rapport avec son objet.<\/li>\n<\/ul>\n","protected":false},"excerpt":{"rendered":"<p>L&rsquo;Union Francophone de l&rsquo;Audit Interne &#8211; UFAI -, association fond\u00e9e en 1988 \u00e0 l&rsquo;initiative de l&rsquo;IFACI (Institut Fran\u00e7ais de l&rsquo;Audit et du Contr\u00f4le Internes), a pour vocation de promouvoir et de d\u00e9velopper la pratique professionnelle de l&rsquo;audit interne dans les pays totalement ou partiellement d&rsquo;expression fran\u00e7aise, en regroupant les associations d&rsquo;auditeurs internes de ces pays. [&hellip;]<\/p>\n","protected":false},"author":1,"featured_media":0,"parent":0,"menu_order":0,"comment_status":"closed","ping_status":"open","template":"","meta":{"footnotes":""},"class_list":["post-42","page","type-page","status-publish","hentry","post"],"_links":{"self":[{"href":"https:\/\/www.ufai.org\/index.php?rest_route=\/wp\/v2\/pages\/42","targetHints":{"allow":["GET"]}}],"collection":[{"href":"https:\/\/www.ufai.org\/index.php?rest_route=\/wp\/v2\/pages"}],"about":[{"href":"https:\/\/www.ufai.org\/index.php?rest_route=\/wp\/v2\/types\/page"}],"author":[{"embeddable":true,"href":"https:\/\/www.ufai.org\/index.php?rest_route=\/wp\/v2\/users\/1"}],"replies":[{"embeddable":true,"href":"https:\/\/www.ufai.org\/index.php?rest_route=%2Fwp%2Fv2%2Fcomments&post=42"}],"version-history":[{"count":1,"href":"https:\/\/www.ufai.org\/index.php?rest_route=\/wp\/v2\/pages\/42\/revisions"}],"predecessor-version":[{"id":45,"href":"https:\/\/www.ufai.org\/index.php?rest_route=\/wp\/v2\/pages\/42\/revisions\/45"}],"wp:attachment":[{"href":"https:\/\/www.ufai.org\/index.php?rest_route=%2Fwp%2Fv2%2Fmedia&parent=42"}],"curies":[{"name":"wp","href":"https:\/\/api.w.org\/{rel}","templated":true}]}}