{"id":33,"date":"2015-02-07T09:05:35","date_gmt":"2015-02-07T09:05:35","guid":{"rendered":"https:\/\/serveur.ufai.org\/wordpress\/?page_id=33"},"modified":"2015-02-07T10:40:25","modified_gmt":"2015-02-07T10:40:25","slug":"code-de-deontologie","status":"publish","type":"page","link":"https:\/\/www.ufai.org\/?page_id=33","title":{"rendered":"Code de d\u00e9ontologie"},"content":{"rendered":"<p>Vous trouverez, en pi\u00e8ce jointe, le code de d\u00e9ontologie de la profession.<\/p>\n<p><a href=\"https:\/\/serveur.ufai.org\/wordpress\/wp-content\/uploads\/2015\/02\/codedeontologie.pdf\">code deontologie<\/a><\/p>\n","protected":false},"excerpt":{"rendered":"<p>Vous trouverez, en pi\u00e8ce jointe, le code de d\u00e9ontologie de la profession. code deontologie<\/p>\n","protected":false},"author":1,"featured_media":0,"parent":0,"menu_order":0,"comment_status":"closed","ping_status":"open","template":"","meta":{"footnotes":""},"class_list":["post-33","page","type-page","status-publish","hentry","post"],"_links":{"self":[{"href":"https:\/\/www.ufai.org\/index.php?rest_route=\/wp\/v2\/pages\/33","targetHints":{"allow":["GET"]}}],"collection":[{"href":"https:\/\/www.ufai.org\/index.php?rest_route=\/wp\/v2\/pages"}],"about":[{"href":"https:\/\/www.ufai.org\/index.php?rest_route=\/wp\/v2\/types\/page"}],"author":[{"embeddable":true,"href":"https:\/\/www.ufai.org\/index.php?rest_route=\/wp\/v2\/users\/1"}],"replies":[{"embeddable":true,"href":"https:\/\/www.ufai.org\/index.php?rest_route=%2Fwp%2Fv2%2Fcomments&post=33"}],"version-history":[{"count":1,"href":"https:\/\/www.ufai.org\/index.php?rest_route=\/wp\/v2\/pages\/33\/revisions"}],"predecessor-version":[{"id":36,"href":"https:\/\/www.ufai.org\/index.php?rest_route=\/wp\/v2\/pages\/33\/revisions\/36"}],"wp:attachment":[{"href":"https:\/\/www.ufai.org\/index.php?rest_route=%2Fwp%2Fv2%2Fmedia&parent=33"}],"curies":[{"name":"wp","href":"https:\/\/api.w.org\/{rel}","templated":true}]}}