{"id":21,"date":"2015-02-07T08:49:16","date_gmt":"2015-02-07T08:49:16","guid":{"rendered":"https:\/\/serveur.ufai.org\/wordpress\/?page_id=21"},"modified":"2015-02-07T18:59:43","modified_gmt":"2015-02-07T17:59:43","slug":"definition-de-laudit-interne","status":"publish","type":"page","link":"https:\/\/www.ufai.org\/?page_id=21","title":{"rendered":"D\u00e9finition de l&rsquo;audit interne"},"content":{"rendered":"<p>L&rsquo;Audit Interne est une activit\u00e9 ind\u00e9pendante et objective qui donne \u00e0 une organisation une assurance sur le degr\u00e9 de ma\u00eetrise de ses op\u00e9rations, lui apporte ses conseils pour les am\u00e9liorer, et contribue \u00e0 cr\u00e9er de la valeur ajout\u00e9e.<br \/>\nIl aide cette organisation \u00e0 atteindre ses objectifs en \u00e9valuant, par une approche syst\u00e9matique et m\u00e9thodique, ses processus de management des risques, de contr\u00f4le, et de gouvernement d&rsquo;entreprise, et en faisant des propositions pour renforcer leur efficacit\u00e9.<\/p>\n<p><em>D\u00e9finition approuv\u00e9e le 21 mars 2000 par le Conseil d&rsquo;Administration de l&rsquo;IFACI (Institut Fran\u00e7ais de l&rsquo;Audit et du Contr\u00f4le Internes).<\/em><br \/>\n<em> Traduction de la d\u00e9finition internationale approuv\u00e9e par l&rsquo;IIA le 29 juin 1999.<\/em><\/p>\n","protected":false},"excerpt":{"rendered":"<p>L&rsquo;Audit Interne est une activit\u00e9 ind\u00e9pendante et objective qui donne \u00e0 une organisation une assurance sur le degr\u00e9 de ma\u00eetrise de ses op\u00e9rations, lui apporte ses conseils pour les am\u00e9liorer, et contribue \u00e0 cr\u00e9er de la valeur ajout\u00e9e. Il aide cette organisation \u00e0 atteindre ses objectifs en \u00e9valuant, par une approche syst\u00e9matique et m\u00e9thodique, ses [&hellip;]<\/p>\n","protected":false},"author":1,"featured_media":0,"parent":0,"menu_order":0,"comment_status":"closed","ping_status":"open","template":"","meta":{"footnotes":""},"class_list":["post-21","page","type-page","status-publish","hentry","post"],"_links":{"self":[{"href":"https:\/\/www.ufai.org\/index.php?rest_route=\/wp\/v2\/pages\/21","targetHints":{"allow":["GET"]}}],"collection":[{"href":"https:\/\/www.ufai.org\/index.php?rest_route=\/wp\/v2\/pages"}],"about":[{"href":"https:\/\/www.ufai.org\/index.php?rest_route=\/wp\/v2\/types\/page"}],"author":[{"embeddable":true,"href":"https:\/\/www.ufai.org\/index.php?rest_route=\/wp\/v2\/users\/1"}],"replies":[{"embeddable":true,"href":"https:\/\/www.ufai.org\/index.php?rest_route=%2Fwp%2Fv2%2Fcomments&post=21"}],"version-history":[{"count":1,"href":"https:\/\/www.ufai.org\/index.php?rest_route=\/wp\/v2\/pages\/21\/revisions"}],"predecessor-version":[{"id":22,"href":"https:\/\/www.ufai.org\/index.php?rest_route=\/wp\/v2\/pages\/21\/revisions\/22"}],"wp:attachment":[{"href":"https:\/\/www.ufai.org\/index.php?rest_route=%2Fwp%2Fv2%2Fmedia&parent=21"}],"curies":[{"name":"wp","href":"https:\/\/api.w.org\/{rel}","templated":true}]}}