{"id":18,"date":"2015-02-07T08:47:01","date_gmt":"2015-02-07T08:47:01","guid":{"rendered":"https:\/\/serveur.ufai.org\/wordpress\/?page_id=18"},"modified":"2015-02-07T19:05:01","modified_gmt":"2015-02-07T18:05:01","slug":"un-reseau-international","status":"publish","type":"page","link":"https:\/\/www.ufai.org\/?page_id=18","title":{"rendered":"The IIA, un r\u00e9seau mondial"},"content":{"rendered":"<p><img loading=\"lazy\" decoding=\"async\" class=\" size-full wp-image-62 alignleft\" src=\"https:\/\/serveur.ufai.org\/wordpress\/wp-content\/uploads\/2015\/02\/logo_iia_bd.jpg\" alt=\"logo_iia_bd\" width=\"148\" height=\"114\" \/>L&rsquo;IIA (The Institute of Internal Auditors), fond\u00e9 en 1941, est une association professionnelle qui a pour objet essentiel d&rsquo;assurer la diffusion des id\u00e9es et des techniques les plus modernes en mati\u00e8re d&rsquo;Audit Interne.<\/p>\n<p>L&rsquo;Institut regroupe plus de 160 000 membres appartenant \u00e0 plus de 165 pays et r\u00e9partis au sein soit de \u00ab\u00a0chapitres\u00a0\u00bb, pour l&rsquo;essentiel en Am\u00e9rique du Nord, soit d&rsquo;Instituts nationaux.<\/p>\n<p>L&rsquo;IIA d\u00e9finit le cadre de r\u00e9f\u00e9rence de la pratique professionnelle de l&rsquo;audit interne, effectue de nombreuses recherches financ\u00e9es par \u00ab\u00a0The IIA Research Foundation\u00a0\u00bb, certifie les auditeurs \u00e0 travers plusieurs examens dont le CIA (<em>Certified Internal Auditor<\/em>), publie la revue bimestrielle \u00ab\u00a0Internal Auditor\u00a0\u00bb et proc\u00e8de \u00e0 de nombreuses publications.<\/p>\n<p>L&rsquo;IIA tient chaque ann\u00e9e une Conf\u00e9rence Internationale.<\/p>\n<p>Si\u00e8ge de l&rsquo;IIA :<br \/>\n247, Maitland Avenue<br \/>\nAltamonte Springs<br \/>\nFlorida 32701<br \/>\nUSA<br \/>\nT\u00e9l. : 00 1 407 937 1100 &#8211; Fax : 00 1 407 937 1101<br \/>\n<a title=\"The IIA\" href=\"http:\/\/www.theiia.org\" target=\"_blank\">www.theiia.org<\/a><\/p>\n","protected":false},"excerpt":{"rendered":"<p>L&rsquo;IIA (The Institute of Internal Auditors), fond\u00e9 en 1941, est une association professionnelle qui a pour objet essentiel d&rsquo;assurer la diffusion des id\u00e9es et des techniques les plus modernes en mati\u00e8re d&rsquo;Audit Interne. L&rsquo;Institut regroupe plus de 160 000 membres appartenant \u00e0 plus de 165 pays et r\u00e9partis au sein soit de \u00ab\u00a0chapitres\u00a0\u00bb, pour l&rsquo;essentiel [&hellip;]<\/p>\n","protected":false},"author":1,"featured_media":0,"parent":0,"menu_order":0,"comment_status":"closed","ping_status":"open","template":"","meta":{"footnotes":""},"class_list":["post-18","page","type-page","status-publish","hentry","post"],"_links":{"self":[{"href":"https:\/\/www.ufai.org\/index.php?rest_route=\/wp\/v2\/pages\/18","targetHints":{"allow":["GET"]}}],"collection":[{"href":"https:\/\/www.ufai.org\/index.php?rest_route=\/wp\/v2\/pages"}],"about":[{"href":"https:\/\/www.ufai.org\/index.php?rest_route=\/wp\/v2\/types\/page"}],"author":[{"embeddable":true,"href":"https:\/\/www.ufai.org\/index.php?rest_route=\/wp\/v2\/users\/1"}],"replies":[{"embeddable":true,"href":"https:\/\/www.ufai.org\/index.php?rest_route=%2Fwp%2Fv2%2Fcomments&post=18"}],"version-history":[{"count":4,"href":"https:\/\/www.ufai.org\/index.php?rest_route=\/wp\/v2\/pages\/18\/revisions"}],"predecessor-version":[{"id":64,"href":"https:\/\/www.ufai.org\/index.php?rest_route=\/wp\/v2\/pages\/18\/revisions\/64"}],"wp:attachment":[{"href":"https:\/\/www.ufai.org\/index.php?rest_route=%2Fwp%2Fv2%2Fmedia&parent=18"}],"curies":[{"name":"wp","href":"https:\/\/api.w.org\/{rel}","templated":true}]}}