{"id":174,"date":"2015-04-02T08:03:06","date_gmt":"2015-04-02T07:03:06","guid":{"rendered":"https:\/\/serveur.ufai.org\/wordpress\/?page_id=174"},"modified":"2016-11-07T12:38:50","modified_gmt":"2016-11-07T11:38:50","slug":"evenements-2015","status":"publish","type":"page","link":"https:\/\/www.ufai.org\/?page_id=174","title":{"rendered":"\u00c9v\u00e9nements 2015"},"content":{"rendered":"<table style=\"height: 92px; border-color: #adacac;\" border=\"1\" width=\"774\">\n<thead>\n<tr style=\"background-color: #7a7a7a;\">\n<td style=\"border-color: #b3b3b3; text-align: center;\"><span style=\"color: #ffffff;\">Date<\/span><\/td>\n<td style=\"border-color: #b3b3b3; text-align: center;\"><span style=\"color: #ffffff;\">Lieu<\/span><\/td>\n<td style=\"border-color: #b3b3b3; text-align: center;\"><span style=\"color: #ffffff;\">Organisation<\/span><\/td>\n<\/tr>\n<\/thead>\n<tbody>\n<tr>\n<td style=\"border-color: #b3b3b3;\">13 novembre 2016<\/td>\n<td style=\"border-color: #b3b3b3;\">Paris (France)<\/td>\n<td style=\"border-color: #b3b3b3;\">Assembl\u00e9e G\u00e9n\u00e9rale UFAI<\/td>\n<\/tr>\n<tr>\n<td style=\"border-color: #b3b3b3;\">14-15 novembre 2016<\/td>\n<td style=\"border-color: #b3b3b3;\">Paris (France)<\/td>\n<td style=\"border-color: #b3b3b3;\">Conf\u00e9rence UFAI &#8211; IFACI<\/td>\n<\/tr>\n<\/tbody>\n<\/table>\n","protected":false},"excerpt":{"rendered":"<p>Date Lieu Organisation 13 novembre 2016 Paris (France) Assembl\u00e9e G\u00e9n\u00e9rale UFAI 14-15 novembre 2016 Paris (France) Conf\u00e9rence UFAI &#8211; IFACI<\/p>\n","protected":false},"author":1,"featured_media":0,"parent":0,"menu_order":0,"comment_status":"closed","ping_status":"open","template":"","meta":{"footnotes":""},"class_list":["post-174","page","type-page","status-publish","hentry","post"],"_links":{"self":[{"href":"https:\/\/www.ufai.org\/index.php?rest_route=\/wp\/v2\/pages\/174","targetHints":{"allow":["GET"]}}],"collection":[{"href":"https:\/\/www.ufai.org\/index.php?rest_route=\/wp\/v2\/pages"}],"about":[{"href":"https:\/\/www.ufai.org\/index.php?rest_route=\/wp\/v2\/types\/page"}],"author":[{"embeddable":true,"href":"https:\/\/www.ufai.org\/index.php?rest_route=\/wp\/v2\/users\/1"}],"replies":[{"embeddable":true,"href":"https:\/\/www.ufai.org\/index.php?rest_route=%2Fwp%2Fv2%2Fcomments&post=174"}],"version-history":[{"count":6,"href":"https:\/\/www.ufai.org\/index.php?rest_route=\/wp\/v2\/pages\/174\/revisions"}],"predecessor-version":[{"id":419,"href":"https:\/\/www.ufai.org\/index.php?rest_route=\/wp\/v2\/pages\/174\/revisions\/419"}],"wp:attachment":[{"href":"https:\/\/www.ufai.org\/index.php?rest_route=%2Fwp%2Fv2%2Fmedia&parent=174"}],"curies":[{"name":"wp","href":"https:\/\/api.w.org\/{rel}","templated":true}]}}